{"id":627,"date":"2021-01-13T13:41:07","date_gmt":"2021-01-13T12:41:07","guid":{"rendered":"https:\/\/bestservice2000.it\/site\/?page_id=627"},"modified":"2023-10-11T18:40:48","modified_gmt":"2023-10-11T16:40:48","slug":"privacy-e-cookies","status":"publish","type":"page","link":"https:\/\/salvagnistefano.com\/site\/privacy-e-cookies\/","title":{"rendered":"Privacy e cookies"},"content":{"rendered":"<div class=\"cli_pg_page_contaner\">\n<h3>Privacy e cookies<\/h3>\n<div>Informativa privacy ai sensi degli artt. 13-14 del Regolamento Europeo per la protezione dei dati personali n. 679\/2016, \u201cPrivacy\u201d (GDPR) I dati personali da lei inseriti, sono trattati da: Salvagni Stefano srls Via Tassinara 26, 40017 San Giovanni in Persiceto (BO) Cellulare:<a href=\"tel:+393474626164\">\u00a03474626164<\/a> Email: info@salvagnistefano.com PEC:\u00a0\u00a0salvagnistefanosrls@legalcert.it\u00a0 Salvagni Stefano srls\u00a0 in qualit\u00e0 di titolare, per finalit\u00e0 connesse alla fornitura dei servizi da lei richiesti (a titolo esemplificativo: richiedere informazioni, registrarsi al sito per ricevere vantaggi e offerte, ottenere preventivi, effettuare pagamenti, acquistare beni e riceverli presso un domicilio da lei indicato, effettuare una prenotazione, scambiare documenti). Inoltre, i dati da Lei forniti, potrebbero essere trattati, solo su suo esplicito consenso, al fine di inviarLe comunicazioni di natura commerciale via email o sms relativamente ai servizi offerti dal titolare.<\/div>\n<div><\/div>\n<div>Nel primo caso, la base giuridica del trattamento \u00e8 l\u2019esecuzione di un accordo; nel secondo caso \u00e8 il consenso. I trattamenti avverranno con modalit\u00e0 elettroniche e verranno messi a disposizione delle terze parti (Responsabili Esterni del trattamento) nell\u2019ambito dell\u2019Unione Europea o in Paesi extra UE, regolarmente contrattualizzate e che offrono adeguate garanzie di sicurezza, necessarie per la fornitura di servizi essenziali al soddisfacimento delle Sue esigenze.<\/div>\n<div><\/div>\n<div>Tali Responsabili Esterni, il cui elenco \u00e8 disponibile dietro richiesta, possono appartenere a categorie di soggetti che supportano il titolare nell\u2019erogazione dei servizi offerti tramite il presente sito (quali, a titolo esemplificativo: sviluppatori software e gestori di siti web, spedizionieri).<\/div>\n<div><\/div>\n<div>Inoltre saranno trattati per finalit\u00e0 di analisi statistiche e di marketing diretto, in maniera anonima, come meglio specificato dalla cookie policy. Trattasi pertanto di trattamenti legittimi e necessari ad assicurar le un servizio che risponda alle Sue aspettative. I dati saranno conservati per tutta la durata dei servizi da Lei richiesti o per periodi superiori solo se previsti dalle norme. In ogni momento Lei potr\u00e0 esercitare i diritti previsti agli articoli 15-22 del GDPR contattando il titolare del presente sito. Per modificare o cancellare i soli dati che sono archiviati sui sistemi che erogano il presente sito, le richieste vanno rivolte al Titolare del trattamento. Nel caso di richiesta di cancellazione dei suoi dati, la informiamo che potrebbe non essere pi\u00f9 possibile continuare a fornirle il servizio richiestoci. La informiamo, infine, che potr\u00e0 proporre reclamo all\u2019Autorit\u00e0 Garante per la Protezione dei Dati, qualora ritenesse siano stati violati i suoi diritti.<\/div>\n<\/div>\n<div><\/div>\n<div class=\"cli_pg_page_contaner\">\n<div><\/div>\n<div>INFORMATIVA ESTESA SUI COOKIE<\/div>\n<div><\/div>\n<div>Questo sito utilizza cookie, anche di terze parti, per migliorarne l\u2019esperienza di navigazione e consentire a chi naviga di usufruire dei nostri servizi online e di visualizzare pubblicit\u00e0 in linea con le proprie preferenze. I cookies utilizzati in questo sito rientrano nelle categorie descritte di seguito.<\/div>\n<div><\/div>\n<h3>Cosa sono i cookies ?<\/h3>\n<div>I cookies sono piccoli file di testo che vengono automaticamente posizionati sul computer del navigatore all&#8217;interno del browser. Essi contengono informazioni di base sulla navigazione in Internet e grazie al browser vengono riconosciuti ogni volta che l&#8217;utente visita il sito. Di seguito vengono forniti dettagli sui cookie installati da questo sito e indicazioni su come gestire le preferenze in merito ad essi.<\/div>\n<h3><\/h3>\n<h3>Come vengono usati i cookies ?<\/h3>\n<div><\/div>\n<div>COOKIES TECNICI<\/div>\n<div><\/div>\n<div>I cookie tecnici descritti qui di seguito non richiedono consenso perci\u00f2 vengono installati automaticamente a seguito dell\u2019accesso al sito.<\/div>\n<div><\/div>\n<div>&#8211; Cookie necessari al funzionamento: cookies che permettono al sito di funzionare correttamente anche consentendo all\u2019utente di avere un\u2019esperienza di navigazione funzionale. Ad esempio, mantengono l&#8217;utente collegato durante la navigazione evitando che il sito richieda di collegarsi pi\u00f9 volte per accedere alle pagine successive.<\/div>\n<div><\/div>\n<div>&#8211; Cookie per il salvataggio delle preferenze: cookie che permettono di ricordare le preferenze selezionate dall\u2019utente durante la navigazione, ad esempio, consentono di impostare la lingua.<\/div>\n<div><\/div>\n<div>&#8211; Cookie statistici e di misurazione dell&#8217;audience: cookie che aiutano a capire, attraverso dati raccolti in forma anonima e aggregata, come gli utenti interagiscono con il sito internet fornendo informazioni relative alle sezioni visitate, il tempo trascorso sul sito, eventuali malfunzionamenti.<\/div>\n<\/div>\n<div><\/div>\n<div><\/div>\n<div class=\"cli_pg_page_contaner\">\n<div>COOKIES DI TERZE PARTI<\/div>\n<div><\/div>\n<div>Attraverso questo sito vengono installati anche cookie gestiti da terze parti. Per informazioni relative a questi cookie di terze parti e la gestione del consenso sono disponibili gli appositi link delle tabelle riportate pi\u00f9 sotto. Inoltre accedendo alla pagina &#8221; https:\/\/www.youronlinechoices.com\/it\/le-tue-scelte &#8221; \u00e8 possibile informarsi sulla pubblicit\u00e0 comportamentale oltre che disattivare o attivare i cookie delle societ\u00e0 elencate che lavorano con i gestori dei siti web per raccogliere e utilizzare informazioni utili alla fruizione della pubblicit\u00e0. Cookie statistici e di misurazione dell&#8217;audience di terze parti.<\/div>\n<h3><\/h3>\n<h3>Come posso usare le preferenze dei cookies ?<\/h3>\n<div>Se come utenti vorreste gestire i cookies, potete fare un clic su &#8220;Preferenze&#8221;. Questo vi consentir\u00e0 di gestire la tipologia dei cookies. In aggiunta a questo, i browsers forniscono metodi diversi per bloccare o cancellare i cookies. Puoi autonomamente cambiare le preferenze del tuo browser per bloccare o cancellare i cookies. Se vuoi ulteriori informazioni puoi visitare wikipedia.org, www.allaboutcookies.org.<\/div>\n<\/div>\n","protected":false},"excerpt":{"rendered":"<p>Privacy e cookies Informativa privacy ai sensi degli artt. 13-14 del Regolamento Europeo per la protezione dei dati personali n. 679\/2016, \u201cPrivacy\u201d (GDPR) I dati personali da lei inseriti, sono trattati da: Salvagni Stefano srls Via Tassinara 26, 40017 San Giovanni in Persiceto (BO) Cellulare:\u00a03474626164 Email: info@salvagnistefano.com PEC:\u00a0\u00a0salvagnistefanosrls@legalcert.it\u00a0 Salvagni Stefano srls\u00a0 in qualit\u00e0 di titolare, [&hellip;]<\/p>\n","protected":false},"author":2,"featured_media":0,"parent":0,"menu_order":0,"comment_status":"closed","ping_status":"closed","template":"","meta":[],"aioseo_notices":[],"_links":{"self":[{"href":"https:\/\/salvagnistefano.com\/site\/wp-json\/wp\/v2\/pages\/627"}],"collection":[{"href":"https:\/\/salvagnistefano.com\/site\/wp-json\/wp\/v2\/pages"}],"about":[{"href":"https:\/\/salvagnistefano.com\/site\/wp-json\/wp\/v2\/types\/page"}],"author":[{"embeddable":true,"href":"https:\/\/salvagnistefano.com\/site\/wp-json\/wp\/v2\/users\/2"}],"replies":[{"embeddable":true,"href":"https:\/\/salvagnistefano.com\/site\/wp-json\/wp\/v2\/comments?post=627"}],"version-history":[{"count":7,"href":"https:\/\/salvagnistefano.com\/site\/wp-json\/wp\/v2\/pages\/627\/revisions"}],"predecessor-version":[{"id":1126,"href":"https:\/\/salvagnistefano.com\/site\/wp-json\/wp\/v2\/pages\/627\/revisions\/1126"}],"wp:attachment":[{"href":"https:\/\/salvagnistefano.com\/site\/wp-json\/wp\/v2\/media?parent=627"}],"curies":[{"name":"wp","href":"https:\/\/api.w.org\/{rel}","templated":true}]}}